{"id":278,"date":"2020-02-26T09:18:22","date_gmt":"2020-02-26T08:18:22","guid":{"rendered":"https:\/\/wp.system-i-service.de\/?page_id=278"},"modified":"2025-07-21T15:35:20","modified_gmt":"2025-07-21T13:35:20","slug":"datenschutz","status":"publish","type":"page","link":"https:\/\/system-i-service.de\/?page_id=278","title":{"rendered":"Datenschutz"},"content":{"rendered":"<div id=\"c163\" class=\"frame frame-default frame-type-text frame-layout-0\">\n<div class=\"container\">\n<h4>Datenschutzerkl\u00e4rung und Informationen gem\u00e4\u00df Art. 13 DS-GVO<\/h4>\n<p><strong>Allgemeines<\/strong><\/p>\n<p>Wir freuen uns \u00fcber den Besuch unseres Internetauftritts und \u00fcber Ihr Interesse an unseren Dienstleistungen. Wir messen dem Schutz Ihrer Privatsph\u00e4re als Nutzer unseres Internetauftritts h\u00f6chste Bedeutung bei und halten uns bei der Erhebung, Verarbeitung und Nutzung streng an die datenschutzrechtlichen Bestimmungen. Dies gilt insbesondere f\u00fcr die Verarbeitung Ihrer personenbezogenen Daten.<\/p>\n<p><strong>Name und Kontaktdaten des Verantwortlichen<\/strong><\/p>\n<p>SYSTEMiService GmbH<br \/>\nBlumenstr. 5<br \/>\n26624 S\u00fcdbrookmerland<br \/>\nE-Mail:<a href=\"m&#97;&#x69;&#x6c;t&#111;&#58;&#x69;&#x6e;f&#111;&#64;&#x73;&#x79;s&#116;&#x65;&#x6d;&#x2d;i&#45;&#x73;&#x65;r&#118;&#105;&#x63;&#x65;&#46;&#100;&#101;\"> &#x69;n&#x66;&#111;&#x40;&#x73;y&#x73;&#116;&#x65;&#x6d;-&#x69;&#45;&#x73;&#x65;r&#x76;&#105;&#x63;&#x65;&#46;&#x64;&#101;<\/a><\/p>\n<p><strong>Zwecke, f\u00fcr die die personenbezogenen Daten verarbeitet werden, sowie die Rechtsgrundlage der Verarbeitung:<\/strong><\/p>\n<\/div>\n<\/div>\n<div id=\"c164\" class=\"frame frame-default frame-type-text frame-layout-0\">\n<div class=\"container\">\n<table class=\"contenttable\" border=\"1\" cellpadding=\"2\">\n<tbody>\n<tr>\n<td><strong>Zwecke der Verarbeitung<\/strong><\/td>\n<td><strong>Rechtsgrundlage<\/strong><\/td>\n<\/tr>\n<tr>\n<td>Kontaktaufnahme von Besuchern des Internetauftritts mit dem Verantwortlichen \u00fcber unser Online-Kontaktformular<\/td>\n<td>Art. 6 Abs. 1 lit. b DS-GVO (erforderlich zur Erf\u00fcllung vorvertraglicher Ma\u00dfnahmen)<\/td>\n<\/tr>\n<tr>\n<td>Hochladen von Dateien<\/td>\n<td>Die Rechtsgrundlage h\u00e4ngt von der Art der hochgeladenen Dateien ab. M\u00f6gliche Rechtsgrundlagen k\u00f6nnen sein:<br \/>\nArt. 6 Abs. 1 lit. b DS-GVO (erforderlich zur Erf\u00fcllung eines Vertrags oder zur Durchf\u00fchrung vorvertraglicher Ma\u00dfnahmen)<br \/>\nArt. 88 DS-GVO i.V.m. \u00a7 26 Abs. 1 BDSG (Begr\u00fcndung eines Besch\u00e4ftigungsverh\u00e4ltnisses)<\/td>\n<\/tr>\n<tr>\n<td>Verarbeitung von technischen Informationen, um den Dienst bereitstellen und die Darstellung der vom Besucher abgerufenen Informationen auf dem jeweiligen Endger\u00e4t des Besuchers des Internetauftritts optimieren zu k\u00f6nnen.<\/td>\n<td>Art. 6 Abs. 1 lit. f DS-GVO (berechtigtes Interesse des Verantwortlichen)<\/td>\n<\/tr>\n<tr>\n<td>Steuerung des Internetauftritts und bedarfsgerechte Gestaltung der Abl\u00e4ufe w\u00e4hrend der Nutzung durch Verwendung von Cookies<\/td>\n<td>Art. 6 Abs. 1 lit. f DS-GVO (berechtigtes Interesse des Verantwortlichen)<\/td>\n<\/tr>\n<\/tbody>\n<\/table>\n<p>Sofern Ihre personenbezogenen Daten zur Wahrung der berechtigten Interessen des Verantwortlichen gem\u00e4\u00df Art. 6 Abs. 1 lit. f DS-GVO verarbeitet werden, bestehen die berechtigten Interessen darin, den Internetauftritt permanent zu analysieren und zu verbessern sowie die Benutzerfreundlichkeit zu optimieren. Wenn Techniken zur Reichweitenmessung zum Einsatz kommen, werden Sie in dieser Datenschutzerkl\u00e4rung gesondert dar\u00fcber informiert und es wird Ihnen eine M\u00f6glichkeit zum Widerspruch einger\u00e4umt. Unser berechtigtes Interesse zur Reichweitenmessung dient der Analyse, der Optimierung und des wirtschaftlichen Betriebs unseres Internetauftritts.<\/p>\n<\/div>\n<\/div>\n<div id=\"c165\" class=\"frame frame-default frame-type-text frame-layout-0\">\n<div class=\"container\">\n<p><strong>Kategorien personenbezogener Daten, die verarbeitet werden<\/strong><\/p>\n<p>Bei der Nutzung unseres Internetauftritts werden aus organisatorischen und technischen Gr\u00fcnden folgende Daten verarbeitet:<\/p>\n<ul>\n<li>IP-Adressen der Besucher<\/li>\n<li>Name der aufgerufenen Seiten<\/li>\n<li>Datum und Uhrzeit des Zugriffs<\/li>\n<li>Name des verwendeten Browsers<\/li>\n<li>Name des Betriebssystems<\/li>\n<li>Name der Suchmaschine oder des externen Links<\/li>\n<li>Name der heruntergeladenen Dateien<\/li>\n<\/ul>\n<p>Sofern Sie uns Daten \u00fcber unsere Online-Formulare \u00fcbermitteln, werden die von Ihnen zur Verf\u00fcgung gestellten personenbezogenen Daten zur Erf\u00fcllung des jeweiligen Zwecks verarbeitet.<\/p>\n<\/div>\n<\/div>\n<div id=\"c166\" class=\"frame frame-default frame-type-text frame-layout-0\">\n<div class=\"container\">\n<p><strong>Empf\u00e4nger Ihrer personenbezogenen Daten<\/strong><\/p>\n<p>Eine Weitergabe Ihrer personenbezogenen Daten an Dritte erfolgt ausschlie\u00dflich aufgrund Ihrer erteilten Einwilligung oder aufgrund eines gesetzlichen Erlaubnistatbestands. \u00dcbermittlungen Ihrer personenbezogenen Daten an auskunftsberechtigte staatliche Institutionen und Beh\u00f6rden erfolgen nur im Rahmen der einschl\u00e4gigen Gesetze bzw. sofern wir durch eine gerichtliche Entscheidung dazu verpflichtet sind. Unsere Mitarbeitenden sind zur Verschwiegenheit und zur Einhaltung der Bestimmungen der Gesetze zum Datenschutz verpflichtet. Zur technischen Durchf\u00fchrung der zur Verf\u00fcgung gestellten Dienstleistungen haben wir entsprechende Unternehmen beauftragt, die Ihre personenbezogenen Daten in unserem Auftrag verarbeiten. Diese sind:<\/p>\n<table class=\"contenttable\" border=\"1\" cellpadding=\"2\">\n<tbody>\n<tr>\n<td><strong>Auftragnehmer<\/strong><\/td>\n<td><strong>Erbrachte Dienstleistung<\/strong><\/td>\n<\/tr>\n<tr>\n<td>onix &#8211; Dienstleistungs- und Handels-GmbH<\/td>\n<td>Hosting der Webseite<\/td>\n<\/tr>\n<\/tbody>\n<\/table>\n<\/div>\n<\/div>\n<div id=\"c167\" class=\"frame frame-default frame-type-text frame-layout-0\">\n<div class=\"container\">\n<p><strong>Einsatz von Cookies<\/strong><\/p>\n<p>Dieser Internetauftritt verwendet sog. Cookies. Hierbei handelt es sich um kleine Text-Dateien, die von unserem Webserver an Ihren Browser gesendet und auf der Festplatte Ihres Computers gespeichert werden. Dabei werden keine pers\u00f6nlichen Daten gespeichert, sondern nur ein individuelles Pseudonym. Diese Information dient z. B. dazu, Sie w\u00e4hrend der Navigation auf unseren Seiten wiederzuerkennen, und Ihnen die Navigation zu erleichtern.<\/p>\n<p>Sie k\u00f6nnen Ihren Browser so einstellen, dass er Sie \u00fcber die Platzierung von Cookies informiert. So wird der Gebrauch der Cookies f\u00fcr Sie transparent. Alternativ k\u00f6nnen Sie diesen Internetauftritt auch ohne Cookies betrachten. Dies k\u00f6nnen Sie in Ihrem jeweiligen Browser voreinstellen. Bitte beachten Sie, dass dann eventuell einige Funktionen der Internetseite teilweise oder vollst\u00e4ndig nicht mehr zur Verf\u00fcgung stehen.<\/p>\n<\/div>\n<\/div>\n<div id=\"c168\" class=\"frame frame-default frame-type-text frame-layout-0\">\n<div class=\"container\">\n<p><strong>Verwendung externer Dienste<\/strong><\/p>\n<\/div>\n<\/div>\n<div id=\"c170\" class=\"frame frame-default frame-type-text frame-layout-0\">\n<div class=\"container\">\n<p>Unser Internetauftritt verwendet Inhalte von Drittanbietern. Hierbei kann es sich um Videos, Schriftarten oder Skripte handeln. Die jeweiligen Zwecke sowie die Rechtsgrundlage, auf deren Basis wir diese Inhalte verwenden, haben wir Ihnen im Abschnitt \u201eZwecke, f\u00fcr die die personenbezogenen Daten verarbeitet werden sowie die Rechtsgrundlage der Verarbeitung\u201c ausf\u00fchrlich erl\u00e4utert. Zur Darstellung der Inhalte der genutzten Angebote von Drittanbietern ist es aus technischen Gr\u00fcnden notwendig, dass Ihre IP-Adresse hierzu an den jeweiligen Anbieter \u00fcbermittelt wird. Wir haben keinen Einfluss darauf, wie der jeweilige Drittanbieter Ihre personenbezogenen Daten verwendet. Wir stellen Ihnen jedoch nachfolgend eine \u00dcbersicht aller von diesem Internetauftritt genutzten Dienste von Drittanbietern zur Verf\u00fcgung. Sofern vorhanden, stellen wir Ihnen dar\u00fcber hinaus den jeweiligen Link zur Datenschutzerkl\u00e4rung des Drittanbieters zur Verf\u00fcgung, damit Sie dort die Informationen zur Verarbeitung Ihrer personenbezogenen Daten abrufen k\u00f6nnen und weisen Sie, sofern vorhanden, auf eine vorhandene Widerspruchsm\u00f6glichkeit hin.<\/p>\n<\/div>\n<\/div>\n<div id=\"c171\" class=\"frame frame-default frame-type-text frame-layout-0\">\n<div class=\"container\">\n<p><strong>Links zu anderen Internetauftritten<\/strong><\/p>\n<p>Unser Internetauftritt enth\u00e4lt Links zu anderen Internetauftritten. Wir haben keinen Einfluss darauf, dass deren Betreiber die Datenschutzbestimmungen einhalten. Trotz sorgf\u00e4ltiger inhaltlicher Kontrolle \u00fcbernehmen wir keine Haftung f\u00fcr die Inhalte der externen Links. F\u00fcr den Inhalt der verlinkten Seiten sind ausschlie\u00dflich deren Betreiber verantwortlich.<\/p>\n<\/div>\n<\/div>\n<div id=\"c172\" class=\"frame frame-default frame-type-text frame-layout-0\">\n<div class=\"container\">\n<p><strong>Ihre Sicherheit<\/strong><\/p>\n<p>Wir sch\u00fctzen Ihre Daten durch technische und organisatorische Ma\u00dfnahmen vor unberechtigtem Zugriff, Verlust, Manipulation oder Zerst\u00f6rung. Unsere Sicherheitsma\u00dfnahmen werden entsprechend der technologischen Entwicklung stetig aktualisiert. Die gesamte Kommunikation zwischen Ihrem Endger\u00e4t und unseren Servern erfolgt ausschlie\u00dflich verschl\u00fcsselt. Dies gilt sowohl f\u00fcr den Download von Dokumenten oder Informationen, die wir Ihnen \u00fcber unseren Internetauftritt anbieten, als auch f\u00fcr Informationen, die Sie uns \u00fcber das Kontaktformular oder das Bewerbungsformular zur Verf\u00fcgung stellen.<\/p>\n<\/div>\n<\/div>\n<div id=\"c173\" class=\"frame frame-default frame-type-text frame-layout-0\">\n<div class=\"container\">\n<p><strong>Dauer der Speicherung<\/strong><\/p>\n<p>Die personenbezogenen Daten, die Sie uns zur Verf\u00fcgung gestellt haben, werden automatisch gel\u00f6scht, sofern die Zwecke der Verarbeitung entfallen sind. Im Einzelnen gelten die folgenden Speicherfristen:<\/p>\n<table class=\"contenttable\" border=\"1\" cellpadding=\"2\">\n<tbody>\n<tr>\n<td><strong>Kategorie der gespeicherten Daten<\/strong><\/td>\n<td><strong>L\u00f6schfrist<\/strong><\/td>\n<\/tr>\n<tr>\n<td>Technische Daten und Protokolle zur Sicherstellung des Betriebs des Internetauftritts<\/td>\n<td>6 Monate<\/td>\n<\/tr>\n<tr>\n<td>Inhalte, die Sie uns \u00fcber das Kontakt- oder Bewerbungsformular zukommen lassen.<\/td>\n<td>Die Speicherfristen dieser Inhalte richten sich nach der Art der \u00fcbermittelten Informationen und den daf\u00fcr jeweils geltenden gesetzlichen Aufbewahrungsfristen. Sofern eine eingegangene Bewerbung nicht zum Abschluss eines Arbeitsvertrags f\u00fchrt, werden die Daten 6 Monate nach Abschluss des Bewerbungsverfahrens automatisch gel\u00f6scht. Sofern Sie im Rahmen Ihrer Betroffenenrechte die L\u00f6schung zu einem fr\u00fcheren Zeitpunkt verlangen, werden die Daten auf Ihre Anforderung unmittelbar gel\u00f6scht.<\/td>\n<\/tr>\n<\/tbody>\n<\/table>\n<p>&nbsp;<\/p>\n<\/div>\n<\/div>\n<div id=\"c973\" class=\"frame frame-default frame-type-text frame-layout-0\">\n<div class=\"container\">\n<p><strong>Betroffenenrechte<\/strong><\/p>\n<p>Sie haben jederzeit das Recht auf Auskunft \u00fcber die zu Ihnen gespeicherten personenbezogenen Daten. Sie haben dar\u00fcber hinaus gem\u00e4\u00df der Artikel 16 bis 20 DS-GVO das Recht auf Berichtigung unrichtiger Daten, das Recht auf L\u00f6schung Ihrer personenbezogenen Daten, das Recht auf Einschr\u00e4nkung der Verarbeitung Ihrer personenbezogenen Daten sowie das Recht auf Daten\u00fcbertragbarkeit.<\/p>\n<p>&nbsp;<\/p>\n<\/div>\n<\/div>\n<div id=\"c972\" class=\"frame frame-default frame-type-html frame-layout-0\">\n<div id=\"c972\" class=\"frame frame-default frame-type-text frame-layout-0\">\n<div class=\"container\">\n<table border=\"1\">\n<tbody>\n<tr>\n<td><strong>Recht auf Widerruf der Einwilligungen<\/strong>Sie haben jederzeit das Recht, eine erteilte Einwilligung zu widerrufen. Der Widerruf gilt mit sofortiger Wirkung f\u00fcr die Zukunft. Die Rechtm\u00e4\u00dfigkeit der aufgrund einer Einwilligung bis zum Widerruf erfolgten Verarbeitungen werden durch den Widerruf nicht ber\u00fchrt.<\/td>\n<\/tr>\n<\/tbody>\n<\/table>\n<\/div>\n<\/div>\n<\/div>\n<div id=\"c174\" class=\"frame frame-default frame-type-text frame-layout-0\">\n<div class=\"container\">\n<p><strong>Beschwerderecht<\/strong><\/p>\n<p>Sofern Sie der Ansicht sind, dass die Verarbeitung Ihrer personenbezogenen Daten gegen die DS-GVO verst\u00f6\u00dft, haben Sie das Recht auf Beschwerde bei einer Aufsichtsbeh\u00f6rde.<\/p>\n<\/div>\n<\/div>\n<div id=\"c175\" class=\"frame frame-default frame-type-text frame-layout-0\">\n<div class=\"container\">\n<p><strong>Bereitstellung Ihrer personenbezogenen Daten<\/strong><\/p>\n<p>Personenbezogene Daten sind Informationen zu Ihrer Identit\u00e4t. Hierunter fallen z.B. Angaben wie Name, Adresse, Telefonnummer oder auch die E-Mail-Adresse. F\u00fcr die Nutzung dieses Internetangebots ist es nicht erforderlich, dass Sie personenbezogene Daten preisgeben m\u00fcssen. In bestimmten F\u00e4llen ben\u00f6tigen wir jedoch Ihren Namen und Ihre Adresse sowie weitere Angaben, damit wir die gew\u00fcnschten Dienstleistungen erbringen k\u00f6nnen.<\/p>\n<p>Dieses gilt beispielsweise f\u00fcr die Verwendung unseres Kontaktformulars, die Zusendung von Informationen, f\u00fcr die Beantwortung individueller Fragen oder f\u00fcr die Verwendung unseres Formulars f\u00fcr Online-Bewerbungen. Wo dies erforderlich ist, weisen wir Sie entsprechend darauf hin. Dar\u00fcber hinaus speichern und verarbeiten wir nur Daten, die Sie freiwillig oder automatisch zur Verf\u00fcgung stellen. Sofern Sie Beratungsleistungen in Anspruch nehmen, werden in der Regel nur solche Daten erhoben, die zur Erbringung der Leistungen ben\u00f6tigt werden. Soweit wir Sie um weitergehende Daten bitten, handelt es sich um freiwillige Informationen. Die von Ihnen zur Verf\u00fcgung gestellten personenbezogenen Daten werden ausschlie\u00dflich f\u00fcr die Ihnen mitgeteilten und im Folgenden erl\u00e4uterten Zwecke verarbeitet.<\/p>\n<\/div>\n<\/div>\n<div id=\"c176\" class=\"frame frame-default frame-type-text frame-layout-0\">\n<div class=\"container\">\n<p><strong>\u00c4nderung der Datenschutzbestimmungen<\/strong><\/p>\n<p>Wir behalten uns das Recht vor, jederzeit die Sicherheits- und Datenschutzma\u00dfnahmen zu ver\u00e4ndern, insbesondere soweit dies aufgrund der technischen Entwicklung erforderlich wird. In diesen F\u00e4llen werden wir ggf. auch diese Hinweise zum Datenschutz entsprechend anpassen. Bitte beachten Sie daher die jeweils aktuelle Version dieser Datenschutzerkl\u00e4rung.<\/p>\n<\/div>\n<\/div>\n<div id=\"c177\" class=\"frame frame-default frame-type-text frame-layout-0\">\n<div class=\"container\">\n<p><strong>Fragen, Anregungen, Beschwerden<\/strong><\/p>\n<p>Wenn Sie weitergehende Fragen zu den Hinweisen zum Datenschutz und zur Verarbeitung Ihrer pers\u00f6nlichen Daten haben, k\u00f6nnen Sie sich direkt an uns, unter Verwendung der oben angegebenen Kontaktdaten wenden.<\/p>\n<\/div>\n<\/div>\n","protected":false},"excerpt":{"rendered":"<p>Datenschutzerkl\u00e4rung und Informationen gem\u00e4\u00df Art. 13 DS-GVO Allgemeines Wir freuen uns \u00fcber den Besuch unseres Internetauftritts und \u00fcber Ihr Interesse an unseren Dienstleistungen. Wir messen dem Schutz Ihrer Privatsph\u00e4re als Nutzer unseres Internetauftritts h\u00f6chste Bedeutung bei und halten uns bei der Erhebung, Verarbeitung und Nutzung streng an die datenschutzrechtlichen Bestimmungen. Dies gilt insbesondere f\u00fcr die [&hellip;]<\/p>\n","protected":false},"author":2,"featured_media":0,"parent":0,"menu_order":0,"comment_status":"closed","ping_status":"closed","template":"","meta":{"footnotes":""},"class_list":["post-278","page","type-page","status-publish","hentry"],"_links":{"self":[{"href":"https:\/\/system-i-service.de\/index.php?rest_route=\/wp\/v2\/pages\/278","targetHints":{"allow":["GET"]}}],"collection":[{"href":"https:\/\/system-i-service.de\/index.php?rest_route=\/wp\/v2\/pages"}],"about":[{"href":"https:\/\/system-i-service.de\/index.php?rest_route=\/wp\/v2\/types\/page"}],"author":[{"embeddable":true,"href":"https:\/\/system-i-service.de\/index.php?rest_route=\/wp\/v2\/users\/2"}],"replies":[{"embeddable":true,"href":"https:\/\/system-i-service.de\/index.php?rest_route=%2Fwp%2Fv2%2Fcomments&post=278"}],"version-history":[{"count":5,"href":"https:\/\/system-i-service.de\/index.php?rest_route=\/wp\/v2\/pages\/278\/revisions"}],"predecessor-version":[{"id":499,"href":"https:\/\/system-i-service.de\/index.php?rest_route=\/wp\/v2\/pages\/278\/revisions\/499"}],"wp:attachment":[{"href":"https:\/\/system-i-service.de\/index.php?rest_route=%2Fwp%2Fv2%2Fmedia&parent=278"}],"curies":[{"name":"wp","href":"https:\/\/api.w.org\/{rel}","templated":true}]}}