{"id":62,"date":"2020-02-25T10:10:46","date_gmt":"2020-02-25T09:10:46","guid":{"rendered":"https:\/\/wp.system-i-service.de\/?page_id=62"},"modified":"2020-04-06T12:16:01","modified_gmt":"2020-04-06T10:16:01","slug":"ueberschrift-1","status":"publish","type":"page","link":"https:\/\/system-i-service.de\/","title":{"rendered":"Willkommen"},"content":{"rendered":"\n<p>Ihr IT-Dienstleister f\u00fcr die Versicherungsbranche<\/p>\n\n\n\n<p>Unser fachliches Knowhow in der Versicherungsbranche ist die Grundlage f\u00fcr die Optimierung Ihrer Gesch\u00e4ftsprozesse.<\/p>\n\n\n\n<p>Technisches Knowhow und eine \u00fcber 30-j\u00e4hrige Erfahrung erm\u00f6glichen uns die Beratung, Entwicklung und Wartung im Umfeld Ihrer Businessanwendungen auf der IBM-System i.<\/p>\n\n\n\n<p><\/p>\n\n\n\n<p> <h2>Kontaktieren Sie uns!<\/h2> \n<div class=\"wpcf7 no-js\" id=\"wpcf7-f124-o1\" lang=\"de-DE\" dir=\"ltr\" data-wpcf7-id=\"124\">\n<div class=\"screen-reader-response\"><p role=\"status\" aria-live=\"polite\" aria-atomic=\"true\"><\/p> <ul><\/ul><\/div>\n<form action=\"\/index.php?rest_route=%2Fwp%2Fv2%2Fpages%2F62#wpcf7-f124-o1\" method=\"post\" class=\"wpcf7-form init\" aria-label=\"Kontaktformular\" novalidate=\"novalidate\" data-status=\"init\">\n<fieldset class=\"hidden-fields-container\"><input type=\"hidden\" name=\"_wpcf7\" value=\"124\" \/><input type=\"hidden\" name=\"_wpcf7_version\" value=\"6.1\" \/><input type=\"hidden\" name=\"_wpcf7_locale\" value=\"de_DE\" \/><input type=\"hidden\" name=\"_wpcf7_unit_tag\" value=\"wpcf7-f124-o1\" \/><input type=\"hidden\" name=\"_wpcf7_container_post\" value=\"0\" \/><input type=\"hidden\" name=\"_wpcf7_posted_data_hash\" value=\"\" \/>\n<\/fieldset>\n<div class=\"clearfix\">\n\t<p>Firma: <span class=\"wpcf7-form-control-wrap\" data-name=\"your-firma\"><input size=\"40\" maxlength=\"400\" class=\"wpcf7-form-control wpcf7-text\" aria-invalid=\"false\" value=\"\" type=\"text\" name=\"your-firma\" \/><\/span>\n\t<\/p>\n\t<div id=\"left\">\n\t\t<p>Vorname:* <span class=\"wpcf7-form-control-wrap\" data-name=\"first-name\"><input size=\"40\" maxlength=\"400\" class=\"wpcf7-form-control wpcf7-text wpcf7-validates-as-required\" aria-required=\"true\" aria-invalid=\"false\" value=\"\" type=\"text\" name=\"first-name\" \/><\/span>\n\t\t<\/p>\n\t<\/div>\n\t<div id=\"right\">\n\t\t<p>Nachname:* <span class=\"wpcf7-form-control-wrap\" data-name=\"last-name\"><input size=\"40\" maxlength=\"400\" class=\"wpcf7-form-control wpcf7-text wpcf7-validates-as-required\" aria-required=\"true\" aria-invalid=\"false\" value=\"\" type=\"text\" name=\"last-name\" \/><\/span>\n\t\t<\/p>\n\t<\/div>\n<\/div>\n<p>Stra\u00dfe \/ Hausnummer: <span class=\"wpcf7-form-control-wrap\" data-name=\"your-strasse\"><input size=\"40\" maxlength=\"400\" class=\"wpcf7-form-control wpcf7-text\" aria-invalid=\"false\" value=\"\" type=\"text\" name=\"your-strasse\" \/><\/span>\n<\/p>\n<div class=\"clearfix\">\n\t<div id=\"left\">\n\t\t<p>Postleitzahl: <span class=\"wpcf7-form-control-wrap\" data-name=\"postleitzahl\"><input size=\"40\" maxlength=\"400\" class=\"wpcf7-form-control wpcf7-text\" aria-invalid=\"false\" value=\"\" type=\"text\" name=\"postleitzahl\" \/><\/span>\n\t\t<\/p>\n\t<\/div>\n\t<div id=\"right\">\n\t\t<p>Wohnort: <span class=\"wpcf7-form-control-wrap\" data-name=\"wohnort\"><input size=\"40\" maxlength=\"400\" class=\"wpcf7-form-control wpcf7-text\" aria-invalid=\"false\" value=\"\" type=\"text\" name=\"wohnort\" \/><\/span>\n\t\t<\/p>\n\t<\/div>\n<\/div>\n<p>E-Mail:* <span class=\"wpcf7-form-control-wrap\" data-name=\"your-email\"><input size=\"40\" maxlength=\"400\" class=\"wpcf7-form-control wpcf7-email wpcf7-validates-as-required wpcf7-text wpcf7-validates-as-email\" aria-required=\"true\" aria-invalid=\"false\" value=\"\" type=\"email\" name=\"your-email\" \/><\/span><br \/>\nBetreff: <span class=\"wpcf7-form-control-wrap\" data-name=\"your-subject\"><input size=\"40\" maxlength=\"400\" class=\"wpcf7-form-control wpcf7-text wpcf7-validates-as-required\" aria-required=\"true\" aria-invalid=\"false\" value=\"\" type=\"text\" name=\"your-subject\" \/><\/span><br \/>\nIhre Nachricht:* <span class=\"wpcf7-form-control-wrap\" data-name=\"your-message\"><textarea cols=\"40\" rows=\"10\" maxlength=\"2000\" class=\"wpcf7-form-control wpcf7-textarea wpcf7-validates-as-required\" aria-required=\"true\" aria-invalid=\"false\" name=\"your-message\"><\/textarea><\/span><br \/>\n<span class=\"wpcf7-form-control-wrap\" data-name=\"acceptance-358\"><span class=\"wpcf7-form-control wpcf7-acceptance\"><span class=\"wpcf7-list-item\"><label><input type=\"checkbox\" name=\"acceptance-358\" value=\"1\" aria-invalid=\"false\" \/><span class=\"wpcf7-list-item-label\">Ja, ich habe die <a href=\"https:\/\/wp.system-i-service.de\/?page_id=278\" target=\"_top\" rel=\"noopener noreferrer\">Datenschutzerkl\u00e4rung<\/a> gelesen und akzeptiere diese.* <br \/>Dar\u00fcber hinaus stimme zu, dass meine Angaben und Daten zur Beantwortung meiner Anfrage elektronisch erhoben und gespeichert werden. Sie k\u00f6nnen Ihre Einwilligung jederzeit f\u00fcr die Zukunft per E-Mail an &#105;&#x6e;&#x66;o&#64;&#x73;y&#115;&#x74;&#x65;&#109;&#x2d;&#x69;-&#115;&#x65;r&#118;&#x69;&#x63;&#101;&#x2e;&#x64;e widerrufen. Pflichtfelder sind mit einem (*) markiert.<\/span><\/label><\/span><\/span><\/span>\n<\/p>\n<p><input class=\"wpcf7-form-control wpcf7-submit has-spinner\" type=\"submit\" value=\"Senden\" \/>\n<\/p><div class=\"wpcf7-response-output\" aria-hidden=\"true\"><\/div>\n<\/form>\n<\/div>\n<\/p>\n","protected":false},"excerpt":{"rendered":"<p>Ihr IT-Dienstleister f\u00fcr die Versicherungsbranche Unser fachliches Knowhow in der Versicherungsbranche ist die Grundlage f\u00fcr die Optimierung Ihrer Gesch\u00e4ftsprozesse. Technisches Knowhow und eine \u00fcber 30-j\u00e4hrige Erfahrung erm\u00f6glichen uns die Beratung, Entwicklung und Wartung im Umfeld Ihrer Businessanwendungen auf der IBM-System i. Kontaktieren Sie uns!<\/p>\n","protected":false},"author":2,"featured_media":0,"parent":0,"menu_order":0,"comment_status":"closed","ping_status":"closed","template":"","meta":{"footnotes":""},"class_list":["post-62","page","type-page","status-publish","hentry"],"_links":{"self":[{"href":"https:\/\/system-i-service.de\/index.php?rest_route=\/wp\/v2\/pages\/62","targetHints":{"allow":["GET"]}}],"collection":[{"href":"https:\/\/system-i-service.de\/index.php?rest_route=\/wp\/v2\/pages"}],"about":[{"href":"https:\/\/system-i-service.de\/index.php?rest_route=\/wp\/v2\/types\/page"}],"author":[{"embeddable":true,"href":"https:\/\/system-i-service.de\/index.php?rest_route=\/wp\/v2\/users\/2"}],"replies":[{"embeddable":true,"href":"https:\/\/system-i-service.de\/index.php?rest_route=%2Fwp%2Fv2%2Fcomments&post=62"}],"version-history":[{"count":9,"href":"https:\/\/system-i-service.de\/index.php?rest_route=\/wp\/v2\/pages\/62\/revisions"}],"predecessor-version":[{"id":406,"href":"https:\/\/system-i-service.de\/index.php?rest_route=\/wp\/v2\/pages\/62\/revisions\/406"}],"wp:attachment":[{"href":"https:\/\/system-i-service.de\/index.php?rest_route=%2Fwp%2Fv2%2Fmedia&parent=62"}],"curies":[{"name":"wp","href":"https:\/\/api.w.org\/{rel}","templated":true}]}}